{"id":9,"date":"2025-12-29T13:47:38","date_gmt":"2025-12-29T13:47:38","guid":{"rendered":"https:\/\/www.kvanttitee.fi\/?page_id=9"},"modified":"2026-03-26T11:47:46","modified_gmt":"2026-03-26T11:47:46","slug":"etusivu","status":"publish","type":"page","link":"https:\/\/www.kvanttitee.fi\/","title":{"rendered":""},"content":{"rendered":"\n<p>Kello Viiden Kvanttitee on avoin tapahtuma kaikille teest\u00e4 ja kvanttifysiikasta kiinnostuneille. Kvanttiteelle kokoonnutaan kerran kuukaudessa Lutakon Teeleidiin, Jyv\u00e4skyl\u00e4\u00e4n. Tapaamisia j\u00e4rjest\u00e4\u00e4 kvanttiprofessori <strong>Teiko Heinosaari<\/strong> ja teeleidi <strong>Anne Savela<\/strong>.<\/p>\n\n\n\n<p>&#8212; <strong>Huhtikuun kvanttitee pidet\u00e4\u00e4n 15.4. ja aiheena on <em>Miten markkinat kvanttilaskennalle muodostuvat?<\/em><\/strong>&#8212;<\/p>\n\n\n\n<p><\/p>\n\n\n\n<p><\/p>\n\n\n\n<p><\/p>\n\n\n\n<p><\/p>\n","protected":false},"excerpt":{"rendered":"<p>Kello Viiden Kvanttitee on avoin tapahtuma kaikille teest\u00e4 ja kvanttifysiikasta kiinnostuneille. Kvanttiteelle kokoonnutaan kerran kuukaudessa Lutakon Teeleidiin, Jyv\u00e4skyl\u00e4\u00e4n. Tapaamisia j\u00e4rjest\u00e4\u00e4 kvanttiprofessori Teiko Heinosaari ja teeleidi Anne Savela. &#8212; Huhtikuun kvanttitee pidet\u00e4\u00e4n 15.4. ja aiheena on Miten markkinat kvanttilaskennalle muodostuvat?&#8212;<\/p>\n","protected":false},"author":1,"featured_media":0,"parent":0,"menu_order":0,"comment_status":"closed","ping_status":"closed","template":"","meta":{"footnotes":""},"class_list":["post-9","page","type-page","status-publish","hentry"],"_links":{"self":[{"href":"https:\/\/www.kvanttitee.fi\/index.php\/wp-json\/wp\/v2\/pages\/9","targetHints":{"allow":["GET"]}}],"collection":[{"href":"https:\/\/www.kvanttitee.fi\/index.php\/wp-json\/wp\/v2\/pages"}],"about":[{"href":"https:\/\/www.kvanttitee.fi\/index.php\/wp-json\/wp\/v2\/types\/page"}],"author":[{"embeddable":true,"href":"https:\/\/www.kvanttitee.fi\/index.php\/wp-json\/wp\/v2\/users\/1"}],"replies":[{"embeddable":true,"href":"https:\/\/www.kvanttitee.fi\/index.php\/wp-json\/wp\/v2\/comments?post=9"}],"version-history":[{"count":18,"href":"https:\/\/www.kvanttitee.fi\/index.php\/wp-json\/wp\/v2\/pages\/9\/revisions"}],"predecessor-version":[{"id":112,"href":"https:\/\/www.kvanttitee.fi\/index.php\/wp-json\/wp\/v2\/pages\/9\/revisions\/112"}],"wp:attachment":[{"href":"https:\/\/www.kvanttitee.fi\/index.php\/wp-json\/wp\/v2\/media?parent=9"}],"curies":[{"name":"wp","href":"https:\/\/api.w.org\/{rel}","templated":true}]}}